{"id":17,"date":"2023-01-12T11:29:00","date_gmt":"2023-01-12T10:29:00","guid":{"rendered":"https:\/\/complejoeducativocesf.es\/?page_id=17"},"modified":"2023-06-27T13:23:22","modified_gmt":"2023-06-27T11:23:22","slug":"centro-formacion-ambiental","status":"publish","type":"page","link":"https:\/\/complejoeducativocesf.es\/index.php\/centro-formacion-ambiental\/","title":{"rendered":"Centro Formaci\u00f3n Ambiental"},"content":{"rendered":"<section class=\"wpb-content-wrapper\"><p>[vc_row css_animation=\u00bb\u00bb row_type=\u00bbrow\u00bb use_row_as_full_screen_section=\u00bbno\u00bb type=\u00bbfull_width\u00bb angled_section=\u00bbno\u00bb text_align=\u00bbleft\u00bb background_image_as_pattern=\u00bbwithout_pattern\u00bb][vc_column][vc_empty_space height=\u00bb60px\u00bb][vc_single_image image=\u00bb1535&#8243; img_size=\u00bbfull\u00bb alignment=\u00bbcenter\u00bb qode_css_animation=\u00bb\u00bb][\/vc_column][\/vc_row][vc_row css_animation=\u00bb\u00bb row_type=\u00bbrow\u00bb use_row_as_full_screen_section=\u00bbno\u00bb type=\u00bbfull_width\u00bb angled_section=\u00bbno\u00bb text_align=\u00bbleft\u00bb background_image_as_pattern=\u00bbwithout_pattern\u00bb][vc_column]<span data-type=\"normal\" data-hover-icon-color=\"#556d96\" class=\"qode_icon_shortcode  q_font_awsome_icon fa-5x pull-center \" style=\" transition-delay: 1ms; -webkit-transition-delay: 1ms; -moz-transition-delay: 1ms; -o-transition-delay: 1ms;\"><span aria-hidden=\"true\" class=\"qode_icon_font_elegant arrow_carrot-down qode_icon_element\" style=\"color: #f39200;\" ><\/span><\/span>[vc_empty_space height=\u00bb16px\u00bb][vc_column_text]<\/p>\n<h1 style=\"text-align: center;\">CENTRO DE FORMACI\u00d3N AMBIENTAL CIUDAD ESCOLAR<\/h1>\n<p>[\/vc_column_text][vc_empty_space height=\u00bb60px\u00bb][vc_column_text]<\/p>\n<p style=\"text-align: center;\">El\u00a0<strong>Centro de Formaci\u00f3n Ambiental Ciudad Escolar<\/strong> tiene como objetivo principal dar modelos de referencia en el campo de la Educaci\u00f3n Ambiental y para la Sostenibilidad a profesorado y alumnado de Educaci\u00f3n Infantil, Educaci\u00f3n Primaria y Secundaria de centros p\u00fablicos y privados de la Comunidad de Madrid. Los Centros de Formaci\u00f3n Ambiental est\u00e1n integrados en la Red de Formaci\u00f3n del Profesorado de la Consejer\u00eda de Educaci\u00f3n, Ciencia y Universidades.<\/p>\n<p>[\/vc_column_text][vc_empty_space height=\u00bb60px\u00bb][\/vc_column][\/vc_row][vc_row css_animation=\u00bb\u00bb row_type=\u00bbrow\u00bb use_row_as_full_screen_section=\u00bbno\u00bb type=\u00bbfull_width\u00bb angled_section=\u00bbno\u00bb text_align=\u00bbleft\u00bb background_image_as_pattern=\u00bbwithout_pattern\u00bb][vc_column]<span data-type=\"normal\"  class=\"qode_icon_shortcode  q_font_awsome_icon fa-5x pull-center q_icon_animation\" style=\" transition-delay: 1ms; -webkit-transition-delay: 1ms; -moz-transition-delay: 1ms; -o-transition-delay: 1ms;\"><span aria-hidden=\"true\" class=\"qode_icon_font_elegant arrow_carrot-down qode_icon_element\" style=\"color: #f39200;\" ><\/span><\/span>[vc_empty_space height=\u00bb40px\u00bb][\/vc_column][\/vc_row][vc_row css_animation=\u00bb\u00bb row_type=\u00bbrow\u00bb use_row_as_full_screen_section=\u00bbno\u00bb type=\u00bbfull_width\u00bb angled_section=\u00bbno\u00bb text_align=\u00bbleft\u00bb background_image_as_pattern=\u00bbwithout_pattern\u00bb][vc_column width=\u00bb1\/3&#8243;][\/vc_column][vc_column width=\u00bb1\/3&#8243;]<div class=\"qode_video_box\">\n\t<a itemprop=\"image\" class=\"qode_video_image\" href=\"https:\/\/youtu.be\/vH_32DMqtwM\" data-rel=\"prettyPhoto\">\n\t\t\t\n\t\t\t<img decoding=\"async\" src=\"https:\/\/complejoeducativocesf.es\/wp-content\/uploads\/2023\/04\/video.jpg\" \/>\n\t\t\t<span class=\"qode_video_box_button_holder\">\n\t\t\t\t<span class=\"qode_video_box_button\">\n\t\t\t\t\t<span class=\"qode_video_box_button_arrow\">\n\t\t\t\t\t<\/span>\n\t\t\t\t<\/span>\n\t\t\t<\/span>\n\t\t\t<\/a>\n<\/div>[vc_empty_space height=\u00bb40px\u00bb]<span data-type=\"normal\" data-hover-icon-color=\"#f39200\" class=\"qode_icon_shortcode  q_font_awsome_icon fa-3x pull-center \" style=\" \"><a class=\"anchor\" itemprop=\"url\" href=\"https:\/\/innovacionyformacion.educa.madrid.org\/CFA_GEI_Ciudad_Escolar\" target=\"_blank\"><span aria-hidden=\"true\" class=\"qode-icon-kiko kikol kiko-globe qode_icon_element\" style=\"color: #556d96;\" ><\/span><\/a><\/span>[vc_empty_space height=\u00bb16px\u00bb][vc_column_text]<\/p>\n<p style=\"text-align: center;\"><a href=\"https:\/\/innovacionyformacion.educa.madrid.org\/CFA_GEI_Ciudad_Escolar\" target=\"_blank\" rel=\"noopener\"><span style=\"color: #556d96;\">M\u00e1s informaci\u00f3n<\/span><\/a><\/p>\n<p>[\/vc_column_text][\/vc_column][vc_column width=\u00bb1\/3&#8243;][\/vc_column][\/vc_row][vc_row css_animation=\u00bb\u00bb row_type=\u00bbrow\u00bb use_row_as_full_screen_section=\u00bbno\u00bb type=\u00bbfull_width\u00bb angled_section=\u00bbno\u00bb text_align=\u00bbleft\u00bb background_image_as_pattern=\u00bbwithout_pattern\u00bb][vc_column][vc_empty_space height=\u00bb100px\u00bb][\/vc_column][\/vc_row]<\/p>\n<\/section>","protected":false},"excerpt":{"rendered":"<p>[vc_row css_animation=\u00bb\u00bb row_type=\u00bbrow\u00bb use_row_as_full_screen_section=\u00bbno\u00bb type=\u00bbfull_width\u00bb angled_section=\u00bbno\u00bb text_align=\u00bbleft\u00bb background_image_as_pattern=\u00bbwithout_pattern\u00bb][vc_column][vc_empty_space height=\u00bb60px\u00bb][vc_single_image image=\u00bb1535&#8243; img_size=\u00bbfull\u00bb alignment=\u00bbcenter\u00bb qode_css_animation=\u00bb\u00bb][\/vc_column][\/vc_row][vc_row css_animation=\u00bb\u00bb row_type=\u00bbrow\u00bb&#8230;<\/p>\n","protected":false},"author":1,"featured_media":0,"parent":0,"menu_order":0,"comment_status":"closed","ping_status":"closed","template":"","meta":{"footnotes":""},"class_list":["post-17","page","type-page","status-publish","hentry"],"yoast_head":"<!-- This site is optimized with the Yoast SEO plugin v27.1.1 - https:\/\/yoast.com\/product\/yoast-seo-wordpress\/ -->\n<title>Centro Formaci\u00f3n Ambiental<\/title>\n<meta name=\"description\" content=\"El objetivo principal del CFA \u2013 Granja Escuela Infantil Ciudad Escolar es aportar modelos de referencia en el campo de la Educaci\u00f3n Ambiental\" \/>\n<meta name=\"robots\" content=\"index, follow, max-snippet:-1, max-image-preview:large, max-video-preview:-1\" \/>\n<link rel=\"canonical\" href=\"https:\/\/complejoeducativocesf.es\/index.php\/centro-formacion-ambiental\/\" \/>\n<meta property=\"og:locale\" content=\"es_ES\" \/>\n<meta property=\"og:type\" content=\"article\" \/>\n<meta property=\"og:title\" content=\"Centro Formaci\u00f3n Ambiental\" \/>\n<meta property=\"og:description\" content=\"El objetivo principal del CFA \u2013 Granja Escuela Infantil Ciudad Escolar es aportar modelos de referencia en el campo de la Educaci\u00f3n Ambiental\" \/>\n<meta property=\"og:url\" content=\"https:\/\/complejoeducativocesf.es\/index.php\/centro-formacion-ambiental\/\" \/>\n<meta property=\"og:site_name\" content=\"Complejo Educativo Ciudad Escolar - San Fernando\" \/>\n<meta property=\"article:modified_time\" content=\"2023-06-27T11:23:22+00:00\" \/>\n<meta property=\"og:image\" content=\"https:\/\/complejoeducativocesf.es\/wp-content\/uploads\/2023\/01\/complejo.jpg\" \/>\n\t<meta property=\"og:image:width\" content=\"2000\" \/>\n\t<meta property=\"og:image:height\" content=\"1333\" \/>\n\t<meta property=\"og:image:type\" content=\"image\/jpeg\" \/>\n<meta name=\"twitter:card\" content=\"summary_large_image\" \/>\n<meta name=\"twitter:label1\" content=\"Tiempo de lectura\" \/>\n\t<meta name=\"twitter:data1\" content=\"1 minuto\" \/>\n<script type=\"application\/ld+json\" class=\"yoast-schema-graph\">{\"@context\":\"https:\/\/schema.org\",\"@graph\":[{\"@type\":\"WebPage\",\"@id\":\"https:\/\/complejoeducativocesf.es\/index.php\/centro-formacion-ambiental\/\",\"url\":\"https:\/\/complejoeducativocesf.es\/index.php\/centro-formacion-ambiental\/\",\"name\":\"Centro Formaci\u00f3n Ambiental\",\"isPartOf\":{\"@id\":\"https:\/\/complejoeducativocesf.es\/#website\"},\"datePublished\":\"2023-01-12T10:29:00+00:00\",\"dateModified\":\"2023-06-27T11:23:22+00:00\",\"description\":\"El objetivo principal del CFA \u2013 Granja Escuela Infantil Ciudad Escolar es aportar modelos de referencia en el campo de la Educaci\u00f3n Ambiental\",\"breadcrumb\":{\"@id\":\"https:\/\/complejoeducativocesf.es\/index.php\/centro-formacion-ambiental\/#breadcrumb\"},\"inLanguage\":\"es\",\"potentialAction\":[{\"@type\":\"ReadAction\",\"target\":[\"https:\/\/complejoeducativocesf.es\/index.php\/centro-formacion-ambiental\/\"]}]},{\"@type\":\"BreadcrumbList\",\"@id\":\"https:\/\/complejoeducativocesf.es\/index.php\/centro-formacion-ambiental\/#breadcrumb\",\"itemListElement\":[{\"@type\":\"ListItem\",\"position\":1,\"name\":\"Portada\",\"item\":\"https:\/\/complejoeducativocesf.es\/\"},{\"@type\":\"ListItem\",\"position\":2,\"name\":\"Centro Formaci\u00f3n Ambiental\"}]},{\"@type\":\"WebSite\",\"@id\":\"https:\/\/complejoeducativocesf.es\/#website\",\"url\":\"https:\/\/complejoeducativocesf.es\/\",\"name\":\"Complejo Educativo Ciudad Escolar - San Fernando\",\"description\":\"CECESF\",\"publisher\":{\"@id\":\"https:\/\/complejoeducativocesf.es\/#organization\"},\"alternateName\":\"Complejo Educativo CESF\",\"potentialAction\":[{\"@type\":\"SearchAction\",\"target\":{\"@type\":\"EntryPoint\",\"urlTemplate\":\"https:\/\/complejoeducativocesf.es\/?s={search_term_string}\"},\"query-input\":{\"@type\":\"PropertyValueSpecification\",\"valueRequired\":true,\"valueName\":\"search_term_string\"}}],\"inLanguage\":\"es\"},{\"@type\":\"Organization\",\"@id\":\"https:\/\/complejoeducativocesf.es\/#organization\",\"name\":\"Complejo Educativo Ciudad Escolar - San Fernando\",\"alternateName\":\"Complejo Educativo CESF\",\"url\":\"https:\/\/complejoeducativocesf.es\/\",\"logo\":{\"@type\":\"ImageObject\",\"inLanguage\":\"es\",\"@id\":\"https:\/\/complejoeducativocesf.es\/#\/schema\/logo\/image\/\",\"url\":\"https:\/\/complejoeducativocesf.es\/wp-content\/uploads\/2023\/03\/logo_sombra_trans.png\",\"contentUrl\":\"https:\/\/complejoeducativocesf.es\/wp-content\/uploads\/2023\/03\/logo_sombra_trans.png\",\"width\":250,\"height\":100,\"caption\":\"Complejo Educativo Ciudad Escolar - San Fernando\"},\"image\":{\"@id\":\"https:\/\/complejoeducativocesf.es\/#\/schema\/logo\/image\/\"}}]}<\/script>\n<!-- \/ Yoast SEO plugin. -->","yoast_head_json":{"title":"Centro Formaci\u00f3n Ambiental","description":"El objetivo principal del CFA \u2013 Granja Escuela Infantil Ciudad Escolar es aportar modelos de referencia en el campo de la Educaci\u00f3n Ambiental","robots":{"index":"index","follow":"follow","max-snippet":"max-snippet:-1","max-image-preview":"max-image-preview:large","max-video-preview":"max-video-preview:-1"},"canonical":"https:\/\/complejoeducativocesf.es\/index.php\/centro-formacion-ambiental\/","og_locale":"es_ES","og_type":"article","og_title":"Centro Formaci\u00f3n Ambiental","og_description":"El objetivo principal del CFA \u2013 Granja Escuela Infantil Ciudad Escolar es aportar modelos de referencia en el campo de la Educaci\u00f3n Ambiental","og_url":"https:\/\/complejoeducativocesf.es\/index.php\/centro-formacion-ambiental\/","og_site_name":"Complejo Educativo Ciudad Escolar - San Fernando","article_modified_time":"2023-06-27T11:23:22+00:00","og_image":[{"width":2000,"height":1333,"url":"https:\/\/complejoeducativocesf.es\/wp-content\/uploads\/2023\/01\/complejo.jpg","type":"image\/jpeg"}],"twitter_card":"summary_large_image","twitter_misc":{"Tiempo de lectura":"1 minuto"},"schema":{"@context":"https:\/\/schema.org","@graph":[{"@type":"WebPage","@id":"https:\/\/complejoeducativocesf.es\/index.php\/centro-formacion-ambiental\/","url":"https:\/\/complejoeducativocesf.es\/index.php\/centro-formacion-ambiental\/","name":"Centro Formaci\u00f3n Ambiental","isPartOf":{"@id":"https:\/\/complejoeducativocesf.es\/#website"},"datePublished":"2023-01-12T10:29:00+00:00","dateModified":"2023-06-27T11:23:22+00:00","description":"El objetivo principal del CFA \u2013 Granja Escuela Infantil Ciudad Escolar es aportar modelos de referencia en el campo de la Educaci\u00f3n Ambiental","breadcrumb":{"@id":"https:\/\/complejoeducativocesf.es\/index.php\/centro-formacion-ambiental\/#breadcrumb"},"inLanguage":"es","potentialAction":[{"@type":"ReadAction","target":["https:\/\/complejoeducativocesf.es\/index.php\/centro-formacion-ambiental\/"]}]},{"@type":"BreadcrumbList","@id":"https:\/\/complejoeducativocesf.es\/index.php\/centro-formacion-ambiental\/#breadcrumb","itemListElement":[{"@type":"ListItem","position":1,"name":"Portada","item":"https:\/\/complejoeducativocesf.es\/"},{"@type":"ListItem","position":2,"name":"Centro Formaci\u00f3n Ambiental"}]},{"@type":"WebSite","@id":"https:\/\/complejoeducativocesf.es\/#website","url":"https:\/\/complejoeducativocesf.es\/","name":"Complejo Educativo Ciudad Escolar - San Fernando","description":"CECESF","publisher":{"@id":"https:\/\/complejoeducativocesf.es\/#organization"},"alternateName":"Complejo Educativo CESF","potentialAction":[{"@type":"SearchAction","target":{"@type":"EntryPoint","urlTemplate":"https:\/\/complejoeducativocesf.es\/?s={search_term_string}"},"query-input":{"@type":"PropertyValueSpecification","valueRequired":true,"valueName":"search_term_string"}}],"inLanguage":"es"},{"@type":"Organization","@id":"https:\/\/complejoeducativocesf.es\/#organization","name":"Complejo Educativo Ciudad Escolar - San Fernando","alternateName":"Complejo Educativo CESF","url":"https:\/\/complejoeducativocesf.es\/","logo":{"@type":"ImageObject","inLanguage":"es","@id":"https:\/\/complejoeducativocesf.es\/#\/schema\/logo\/image\/","url":"https:\/\/complejoeducativocesf.es\/wp-content\/uploads\/2023\/03\/logo_sombra_trans.png","contentUrl":"https:\/\/complejoeducativocesf.es\/wp-content\/uploads\/2023\/03\/logo_sombra_trans.png","width":250,"height":100,"caption":"Complejo Educativo Ciudad Escolar - San Fernando"},"image":{"@id":"https:\/\/complejoeducativocesf.es\/#\/schema\/logo\/image\/"}}]}},"_links":{"self":[{"href":"https:\/\/complejoeducativocesf.es\/index.php\/wp-json\/wp\/v2\/pages\/17","targetHints":{"allow":["GET"]}}],"collection":[{"href":"https:\/\/complejoeducativocesf.es\/index.php\/wp-json\/wp\/v2\/pages"}],"about":[{"href":"https:\/\/complejoeducativocesf.es\/index.php\/wp-json\/wp\/v2\/types\/page"}],"author":[{"embeddable":true,"href":"https:\/\/complejoeducativocesf.es\/index.php\/wp-json\/wp\/v2\/users\/1"}],"replies":[{"embeddable":true,"href":"https:\/\/complejoeducativocesf.es\/index.php\/wp-json\/wp\/v2\/comments?post=17"}],"version-history":[{"count":20,"href":"https:\/\/complejoeducativocesf.es\/index.php\/wp-json\/wp\/v2\/pages\/17\/revisions"}],"predecessor-version":[{"id":1694,"href":"https:\/\/complejoeducativocesf.es\/index.php\/wp-json\/wp\/v2\/pages\/17\/revisions\/1694"}],"wp:attachment":[{"href":"https:\/\/complejoeducativocesf.es\/index.php\/wp-json\/wp\/v2\/media?parent=17"}],"curies":[{"name":"wp","href":"https:\/\/api.w.org\/{rel}","templated":true}]}}